{"id":7409,"date":"2022-12-02T09:55:05","date_gmt":"2022-12-02T08:55:05","guid":{"rendered":"https:\/\/pemflow.fr\/?page_id=7409"},"modified":"2025-07-23T13:58:23","modified_gmt":"2025-07-23T11:58:23","slug":"informazioni-legali","status":"publish","type":"page","link":"https:\/\/pemflow.fr\/it\/informazioni-legali\/","title":{"rendered":"Informazioni legali"},"content":{"rendered":"\n<div class=\"container mt-4\">\n  <h1>Informazioni legali<\/h1>\n  <p>In conformit\u00e0 alle disposizioni degli articoli 6-III e 19 della legge n. 2004-575 del 21 giugno 2004 sulla fiducia nell&#8217;economia digitale, nota come L.C.E.N., informiamo gli utenti e i visitatori del sito www.pemflow.com delle seguenti informazioni:<\/p>\n  <h2>Editore<\/h2>\n    <ul>\n      <li>Status del proprietario: Societ\u00e0 per azioni semplificata<\/li>\n      <li>Prefisso : SAS<\/li>\n      <li>Nome della societ\u00e0 : pemflow<\/li>\n      <li>Sede centrale : Av ZAC de Chassagne &#8211; 69360 Ternay &#8211; France<\/li>\n      <li>Telefono : +33 04 72 24 80 80<\/li>\n      <li>RCS : 841 251 572 R.C.S. Lyon<\/li>\n      <li>SIREN\/SIRET : 841251572 \/ 84125157200019<\/li>\n      <li>Numero di partita IVA : FR95841251572<\/li>\n      <li>E-mail : contact[@]pemflow.com<\/li>\n      <li>Responsabile delle pubblicazioni : PEMCO<\/li>\n    <\/ul>\n    <h2>Hosting<\/h2>\n      <p>Hosting: OVH \u2013 2 rue Kellermann \u2013 59100 Roubaix \u2013 France<\/p>\n    <h2>Responsabile della raccolta dei dati personali<\/h2>\n      <p>Per i Dati Personali raccolti nell&#8217;ambito della navigazione dell&#8217;Utente sul sito, il responsabile del trattamento dei Dati Personali \u00e8: pemflow www.pemflow.com, rappresentato da Maxime DONNAT e Lo\u00efc VANSTEENKESTE, suoi legali rappresentanti.<\/p>\n      <p>In qualit\u00e0 di responsabile del trattamento dei dati raccolti, www.pemflow.com si impegna a rispettare le disposizioni di legge in vigore. In particolare, \u00e8 sua responsabilit\u00e0 stabilire le finalit\u00e0 del trattamento dei dati, fornire ai suoi potenziali clienti e clienti, fin dal momento della raccolta del loro consenso, informazioni complete sul trattamento dei loro dati personali e mantenere un registro accurato del trattamento. Ogni volta che www.pemflow.com elabora Dati personali, www.pemflow.com adotta tutte le misure ragionevoli per garantire che i Dati personali siano accurati e pertinenti alle finalit\u00e0 per cui www.pemflow.com li elabora.<\/p>\n    <h3>Scoppo<\/h3>\n    <p>Il sito web www.pemflow.com pu\u00f2 trattare alcuni o tutti i seguenti dati:<\/p>\n    <ul>\n    <li>per consentire la navigazione sul Sito e la gestione e tracciabilit\u00e0 dei servizi ordinati dall&#8217;utente: dati di connessione e di utilizzo del Sito, ecc,<\/li>\n    <li>per prevenire e combattere le frodi informatiche (spamming, hacking&#8230;): hardware del computer utilizzato per la navigazione, indirizzo IP, password (hashed),<\/li>\n    <li>per migliorare la navigazione sul Sito: dati di connessione e di utilizzo,<\/li>\n     <li>per condurre campagne di comunicazione (sms, email): numero di telefono, indirizzo email<\/li>\n    <\/ul>\n    <p>Il sito www.pemflow.com non vende i vostri dati personali, che vengono quindi utilizzati solo se necessario o per scopi statistici e di analisi.<\/p>\n    <h3>Obiettivo<\/h3>\n      <p>Lo scopo del sito web www.pemflow.com \u00e8 quello di fornire informazioni su tutte le attivit\u00e0 dell&#8217;azienda.<\/p>\n      <p>Il proprietario del sito web si impegna a fornire sul sito www.pemflow.com informazioni il pi\u00f9 possibile accurate. Tuttavia, non pu\u00f2 essere ritenuto responsabile per eventuali omissioni, imprecisioni o mancato aggiornamento di tali informazioni, sia per colpa propria che per colpa di partner terzi che forniscono tali informazioni.<\/p>\n      <p>Tutte le informazioni fornite sul sito web www.pemflow.com sono fornite a titolo informativo, non sono esaustive e sono soggette a modifiche. Sono soggette a modifiche da quando sono state messe online.<\/p>\n    <h3>Consenso <\/h3>  \n      <p>Nessun dato viene trattato senza il consenso degli utenti.<\/p>\n      <p>Alcune funzioni essenziali del sito possono richiedere l&#8217;utilizzo di cookie tecnici, che sono esenti da consenso ai sensi della normativa vigente.<\/p>\n    <h3>Registro dei trattamenti <\/h3>\n      <p>Per i dati degli utenti viene istituito un registro di trattamento (anonimo e sicuro).<\/p>\n    <h3>Misure di sicurezza  <\/h3>\n      <ul>\n        <li>Per quanto riguarda gli indirizzi IP: mascheratura a 2 byte degli IP v4 (ad esempio 192.168.xxx.xxx), mascheratura degli IP v6 abilitata, anonimizzazione retroattiva degli IP precedentemente raccolti tramite Matomo.<\/li>\n        <li>Disattivazione completa dei cookie: Aggiungendo la riga disableCookies allo script di tracciamento, ora non viene depositato alcun cookie Matomo (_pk_id, _pk_ses, ecc.).<\/li>\n        <li>Disattivazione delle funzionalit\u00e0 invasive: UserId, E-commerce, Heatmaps, Form Analytics, Media Analytics, A\/B Testing; nessun utilizzo di dimensioni personalizzate legate ai dati personali; nessun evento o obiettivo che raccolga dati identificabili.<\/li>\n      <\/ul>\n    <h2>Protezione di persone e beni &#8211; gestione dei dati personali<\/h2>  \n      <p>I dati sono ospitati esclusivamente nell&#8217;Unione Europea. Il sito utilizza lo strumento di analisi Matomo per produrre statistiche anonime sui visitatori. Gli indirizzi IP vengono automaticamente anonimizzati e non vengono memorizzati cookie di terze parti.<\/p>\n      <p>In conformit\u00e0 alle raccomandazioni della CNIL, in questa configurazione non viene visualizzato alcun banner di consenso. Tuttavia, gli utenti possono esercitare i loro diritti nei modi descritti di seguito.<\/p>\n\n      <iframe style=\"border: 0; height: 130px; width: 100%;\" src=\"https:\/\/stats.sofise-filtration.com\/index.php?module=CoreAdminHome&#038;action=optOut&#038;language=it\"><\/iframe>\n\n\n      <p>Dati personali: Ai sensi del RGPD (UE 2016\/679), avete il diritto di accedere, rettificare, opporvi, cancellare, limitare e portare i vostri dati. Potete esercitare questo diritto inviando la vostra richiesta, allegando una copia del vostro documento d&#8217;identit\u00e0, al seguente indirizzo e-mail: contact[@]pemflow.com<br>o per posta: ZAC DE CHASSAGNE 69360 TERNAY.<\/p>\n      <p>Cessione o rivendita: pemflow non rivende i vostri dati e li utilizza solo per scopi strettamente necessari al funzionamento del sito o per analisi statistiche. Per esercitare i vostri diritti, potete contattare il nostro Responsabile della Protezione dei Dati (DPO) via e-mail o per posta all&#8217;indirizzo sopra indicato.<\/p>\n      <p>Tuttavia, www.pemflow.com rimane libero di scegliere i propri subappaltatori tecnici e commerciali, a condizione che offrano sufficienti garanzie in merito ai requisiti del Regolamento generale sulla protezione dei dati (RGPD: n. 2016-679).<\/p>\n      <p>www.pemflow.com si impegna a prendere tutte le precauzioni necessarie per preservare la sicurezza delle Informazioni e, in particolare, per garantire che non vengano comunicate a persone non autorizzate. Tuttavia, se un incidente che pregiudica l&#8217;integrit\u00e0 o la riservatezza delle Informazioni del Cliente viene portato all&#8217;attenzione di www.pemflow.com, quest&#8217;ultimo deve informare il Cliente nel pi\u00f9 breve tempo possibile e comunicargli le misure correttive adottate. Inoltre, www.pemflow.com non raccoglie alcun \u201cdato sensibile\u201d.<\/p>\n      <p>I Dati personali dell&#8217;Utente possono essere trattati dalle filiali e dai subappaltatori di www.pemflow.com (fornitori di servizi), esclusivamente per raggiungere gli scopi di questa politica.<\/p>\n    <h3>Abilitazione<\/h3>\n      <p>Nei limiti delle rispettive responsabilit\u00e0 e per le finalit\u00e0 di cui sopra, le principali persone che possono avere accesso ai dati degli Utenti su www.pemflow.com sono i nostri agenti del servizio clienti.<\/p>\n    <h3>Decessi <\/h3>  \n      <p>Non appena www.pemflow.com viene a conoscenza del decesso di un Utente e in assenza di istruzioni da parte dell&#8217;Utente, www.pemflow.com si impegna a distruggere i dati dell&#8217;Utente, a meno che non sia necessario conservarli per scopi probatori o per adempiere a un obbligo legale.<\/p>\n    <h3>Rivendicazioni <\/h3>  \n      <p>Infine, gli utenti di www.pemflow.com possono presentare un reclamo alle autorit\u00e0 di controllo, in particolare alla CNIL (https:\/\/www.cnil.fr\/fr\/plaintes).<\/p>\n    <h3>Marketing<\/h3>\n      <p>Il Cliente \u00e8 informato della normativa in materia di comunicazioni di marketing, della legge del 21 giugno 2014 per la fiducia nell&#8217;economia digitale, della legge sulla protezione dei dati del 06 agosto 2004 e del Regolamento generale sulla protezione dei dati (RGPD: n\u00b0 2016-679).<\/p>\n    <h3>Link esterni <\/h3>  \n      <p>Il sito contiene link ad altri siti (link di altre entit\u00e0). pemflow non pu\u00f2 essere ritenuta responsabile per il contenuto di questi siti esterni.<\/p>\n    <h3>Modifica della nota legale <\/h3>  \n      <p>Le informazioni pubblicate su www.pemflow.com non sono contrattuali e possono essere modificate in qualsiasi momento senza preavviso.<\/p>\n    <h2>Propriet\u00e0 intellettuale e contraffazione<\/h2>  \n      <p>Il proprietario del sito \u00e8 titolare dei diritti di propriet\u00e0 intellettuale o detiene i diritti d&#8217;uso su tutti gli elementi accessibili sul sito, in particolare testi, immagini, grafici, loghi, icone, suoni e software&#8230;<\/p>\n      <p>\u00c8 vietata qualsiasi riproduzione, rappresentazione, modifica, pubblicazione, adattamento totale o parziale degli elementi del sito, qualunque sia il mezzo o il processo utilizzato, salvo previa autorizzazione scritta all&#8217;indirizzo e-mail: contact[@]pemflow.com.<\/p>\n      <p>Qualsiasi utilizzo non autorizzato del sito o di uno qualsiasi degli elementi in esso contenuti sar\u00e0 considerato come una violazione e sar\u00e0 perseguito in conformit\u00e0 alle disposizioni degli articoli L.335-2 e seguenti del Codice della Propriet\u00e0 Intellettuale francese.<\/p>\n    <h2>Glossario<\/h2>  \n    <ul>\n      <li>Cliente: qualsiasi professionista o persona fisica capace ai sensi degli articoli 1123 e seguenti del Codice Civile francese, o persona giuridica, che visita il Sito oggetto delle presenti Condizioni Generali.<\/li>\n      <li>Contenuto: tutti gli elementi che compongono le informazioni presenti sul Sito, in particolare testi, immagini e video.<\/li>\n      <li>Utente: utente di Internet che si connette e utilizza il sito di cui sopra.<\/li>\n      <li>Informazioni sui clienti: Di seguito denominate \u201cInformazioni\u201d, che corrispondono a tutti i dati personali che possono essere conservati da www.pemflow.com per la gestione dei rapporti con i clienti e per scopi di analisi e statistica.<\/li>\n      <li>Informazioni personali: \u201cInformazioni che consentono, in qualsiasi forma, direttamente o indirettamente, l&#8217;identificazione delle persone fisiche cui si riferiscono\u201d (articolo 4 della legge n. 78-17 del 6 gennaio 1978).<\/li>\n      <li>Servizi: www.pemflow.com fornisce ai Clienti i servizi descritti nella pagina \u201cI nostri servizi\u201d.<\/li>\n      <li>I termini \u201cdati personali\u201d, \u2018interessato\u2019, \u201cincaricato del trattamento\u201d e \u201cdati sensibili\u201d hanno il significato definito dal Regolamento generale sulla protezione dei dati (GDPR: n. 2016-679).<\/li>\n    <\/ul>\n<\/div>\n","protected":false},"excerpt":{"rendered":"<p>Informazioni legali In conformit\u00e0 alle disposizioni degli articoli 6-III e 19 della legge n. 2004-575 del 21 giugno 2004 sulla fiducia nell&#8217;economia digitale, nota come L.C.E.N., informiamo gli utenti e i visitatori del sito www.pemflow.com delle seguenti informazioni: Editore Status del proprietario: Societ\u00e0 per azioni semplificata Prefisso : SAS Nome della societ\u00e0 : pemflow Sede [&hellip;]<\/p>\n","protected":false},"author":10,"featured_media":0,"parent":0,"menu_order":37,"comment_status":"closed","ping_status":"closed","template":"","meta":{"_acf_changed":false,"_seopress_robots_primary_cat":"","_seopress_titles_title":"","_seopress_titles_desc":"","_seopress_robots_index":"","footnotes":""},"class_list":["post-7409","page","type-page","status-publish","hentry"],"acf":[],"_links":{"self":[{"href":"https:\/\/pemflow.fr\/it\/wp-json\/wp\/v2\/pages\/7409","targetHints":{"allow":["GET"]}}],"collection":[{"href":"https:\/\/pemflow.fr\/it\/wp-json\/wp\/v2\/pages"}],"about":[{"href":"https:\/\/pemflow.fr\/it\/wp-json\/wp\/v2\/types\/page"}],"author":[{"embeddable":true,"href":"https:\/\/pemflow.fr\/it\/wp-json\/wp\/v2\/users\/10"}],"replies":[{"embeddable":true,"href":"https:\/\/pemflow.fr\/it\/wp-json\/wp\/v2\/comments?post=7409"}],"version-history":[{"count":3,"href":"https:\/\/pemflow.fr\/it\/wp-json\/wp\/v2\/pages\/7409\/revisions"}],"predecessor-version":[{"id":22492,"href":"https:\/\/pemflow.fr\/it\/wp-json\/wp\/v2\/pages\/7409\/revisions\/22492"}],"wp:attachment":[{"href":"https:\/\/pemflow.fr\/it\/wp-json\/wp\/v2\/media?parent=7409"}],"curies":[{"name":"wp","href":"https:\/\/api.w.org\/{rel}","templated":true}]}}