{"id":7386,"date":"2022-12-01T16:59:39","date_gmt":"2022-12-01T15:59:39","guid":{"rendered":"https:\/\/pemflow.fr\/?page_id=7386"},"modified":"2024-04-03T09:44:40","modified_gmt":"2024-04-03T07:44:40","slug":"chi-siamo","status":"publish","type":"page","link":"https:\/\/pemflow.fr\/it\/chi-siamo\/","title":{"rendered":"Chi siamo?"},"content":{"rendered":"<div class=\"lazyblock-paragraphe-classique-1r7FNc wp-block-lazyblock-paragraphe-classique\"><article class=\"article-edito\">\n\t<div class=\"container\">\n\t\t<div class=\"row\">\n\t\t\t<div class=\"col-12 col-lg-8 offset-lg-2\">\n\t\t\t\t<div class=\"bloc-edito\">\n\t\t\t\t\t<div style=\"width: 1170px;\" class=\"wp-video\"><!--[if lt IE 9]><script>document.createElement('video');<\/script><![endif]-->\n<video class=\"wp-video-shortcode\" id=\"video-7386-1\" width=\"1170\" height=\"658\" preload=\"metadata\" controls=\"controls\"><source type=\"video\/mp4\" src=\"https:\/\/pemflow.fr\/wp-content\/uploads\/c63d5965-b532-474a-8227-ad69d048b473.mp4?_=1\" \/><a href=\"https:\/\/pemflow.fr\/wp-content\/uploads\/c63d5965-b532-474a-8227-ad69d048b473.mp4\">https:\/\/pemflow.fr\/wp-content\/uploads\/c63d5965-b532-474a-8227-ad69d048b473.mp4<\/a><\/video><\/div>\n<p>&nbsp;<\/p>\n<p style=\"text-align: center;\">Oggi Pemflow \u00e8 presente in 5 continenti e in pi\u00f9 di 35 paesi. La nostra missione \u00e8 mettere 90 anni di esperienza e di ricerca e sviluppo al servizio dei processi pi\u00f9 impegnativi per renderli pi\u00f9 efficienti, sicuri e redditizi.<\/p>\t\t\t\t<\/div>\n\t\t\t<\/div>\n\t\t<\/div>\n\t<\/div>\n<\/article><\/div>\n\n<article class=\"article-texte-photo photo-droite\">\n\t<div class=\"container\">\n\t\t<div class=\"row\">\n\t\t\t<div class=\"col-12 col-lg-5 img-texte-photo\" style=\"background-image: url('https:\/\/pemflow.fr\/wp-content\/uploads\/filtration-a-z.jpg');\">\n\t\t\t<\/div>\n\t\t\t<div class=\"col-12  col-lg-8\">\n\t\t\t\t<div class=\"bloc-texte\">\n\t\t\t\t\t<h2>Filtrazione dalla A alla Z<\/h2>\n<p>Pemflow \u00e8 oggi il leader francese della filtrazione chiavi in mano. Siamo coinvolti dal dimensionamento e dalla progettazione dell&#8217;apparecchiatura fino alla sua produzione e messa in funzione. Integrando tutte queste fasi, siamo in grado di fornirvi una risposta perfettamente adeguata ai vostri problemi con un unico interlocutore.<\/p>\t\t\t\t<\/div>\n\t\t\t<\/div>\n\t\t<\/div>\n\t<\/div>\n<\/article>\n\n<article class=\"article-texte-photo photo-gauche\">\n\t<div class=\"container\">\n\t\t<div class=\"row\">\n\t\t\t<div class=\"col-12 col-lg-5 img-texte-photo\" style=\"background-image: url('https:\/\/pemflow.fr\/wp-content\/uploads\/Qui-sommes-nous-technofiltres-Sur-Mesure.jpg');\">\n\t\t\t<\/div>\n\t\t\t<div class=\"col-12 offset-lg-4  col-lg-8\">\n\t\t\t\t<div class=\"bloc-texte\">\n\t\t\t\t\t<h2>Un&#8217;offerta adatta al vostro settore<\/h2>\n<p>Con i nostri esperti in ogni campo, Pemflow si adatta al vostro settore di attivit\u00e0 grazie alla padronanza del suo contesto normativo, delle sue specificit\u00e0 produttive e delle nostre tecnologie personalizzate. Per questo motivo collaboriamo attualmente con importanti clienti nei settori alimentare, biotecnologico, nucleare e molti altri.<\/p>\t\t\t\t<\/div>\n\t\t\t<\/div>\n\t\t<\/div>\n\t<\/div>\n<\/article>\n\n<article class=\"article-texte-photo photo-droite\">\n\t<div class=\"container\">\n\t\t<div class=\"row\">\n\t\t\t<div class=\"col-12 col-lg-5 img-texte-photo\" style=\"background-image: url('https:\/\/pemflow.fr\/wp-content\/uploads\/Qui-Sommes-nous-satisfaction-clients.jpg');\">\n\t\t\t<\/div>\n\t\t\t<div class=\"col-12  col-lg-8\">\n\t\t\t\t<div class=\"bloc-texte\">\n\t\t\t\t\t<p>Soddisfazione del cliente<\/p>\n<p>Oltre a fornire le nostre capacit\u00e0 ingegneristiche e produttive, la nostra priorit\u00e0 rimane la soddisfazione dei nostri partner, in particolare con:<\/p>\n<p>La reattivit\u00e0 della nostra risposta al vostro problema<br \/>I consigli dei nostri esperti del settore<br \/>Un servizio post-vendita che assicura la continuit\u00e0 dei vostri processi<\/p>\t\t\t\t<\/div>\n\t\t\t<\/div>\n\t\t<\/div>\n\t<\/div>\n<\/article>\n\n<article class=\"article-historique\">\n\t<div class=\"container\">\n\t\t<div class=\"row\">\n\t\t\t<div class=\"col-12\">\n\t\t\t\t<h2>La nostra storia<\/h2>\n\t\t\t\t<ul>\n\t\t\t\t  \t\t\t\t\t<li>\n\t\t\t\t\t\t<h3>1930 :<\/h3>\n\t\t\t\t\t\t<p>Creazione di SCAM (Soci\u00e9t\u00e9 de Condensation et d&#8217;Application M\u00e9canique), che in seguito diventer\u00e0 l&#8217;entit\u00e0 di filtrazione di Alstom POWER.<\/p>\n\t\t\t\t\t<\/li>\n\t\t\t\t\t\t\t\t\t\t<li>\n\t\t\t\t\t\t<h3>1964 :<\/h3>\n\t\t\t\t\t\t<p>Creazione di Filtration SA, specializzata nella produzione di filtri statici e sviluppata a livello internazionale.<\/p>\n\t\t\t\t\t<\/li>\n\t\t\t\t\t\t\t\t\t\t<li>\n\t\t\t\t\t\t<h3>1965 :<\/h3>\n\t\t\t\t\t\t<p>Creazione di Apic International, che in seguito diventa Efiltec, specializzata nella fornitura di corpi filtranti e materiali di consumo per la filtrazione<\/p>\n\t\t\t\t\t<\/li>\n\t\t\t\t\t\t\t\t\t\t<li>\n\t\t\t\t\t\t<h3>2007 :<\/h3>\n\t\t\t\t\t\t<p>Creazione di Technofiltres e del gruppo PRD, composto da SCAM Filtres, Filtration SA e Technofiltres.<\/p>\n\t\t\t\t\t<\/li>\n\t\t\t\t\t\t\t\t\t\t<li>\n\t\t\t\t\t\t<h3>2009 :<\/h3>\n\t\t\t\t\t\t<p>Creazione di Fauchier, specialista in sistemi di pulizia e filtrazione automatizzati<\/p>\n\t\t\t\t\t<\/li>\n\t\t\t\t\t\t\t\t\t\t<li>\n\t\t\t\t\t\t<h3>2019 :<\/h3>\n\t\t\t\t\t\t<p>Loic Vansteenkeste e Maxime Donnat rilevano PRD e creano PEMFLOW<\/p>\n\t\t\t\t\t<\/li>\n\t\t\t\t\t\t\t\t\t\t<li>\n\t\t\t\t\t\t<h3>2021 :<\/h3>\n\t\t\t\t\t\t<p>Acquisizione di Efiltec e Fauchier all&#8217;interno del gruppo PEMFLOW<\/p>\n\t\t\t\t\t<\/li>\n\t\t\t\t\t\t\t\t\t\t<li>\n\t\t\t\t\t\t<h3>2023 :<\/h3>\n\t\t\t\t\t\t<p>Creazione della filiale Pemflow Italia, acquisizione di Sofise e Techni Filtration all&#8217;interno del gruppo PEMFLOW<\/p>\n\t\t\t\t\t<\/li>\n\t\t\t\t\t\t\t\t\t\t<li>\n\t\t\t\t\t\t<h3>Oggi :<\/h3>\n\t\t\t\t\t\t<p>PEMFLOW \u00e8 il leader francese della filtrazione e della separazione ed \u00e8 presente in 5 continenti e in oltre 35 paesi.<\/p>\n\t\t\t\t\t<\/li>\n\t\t\t\t\t\t\t\t\t<\/ul>\n\t\t\t<\/div>\n\t\t<\/div>\n\t<\/div>\n<\/article>\n\n<article class=\"article-argument\">\n\t<div class=\"bloc-argument\"\n\t       style=\"background-image: url('https:\/\/pemflow.fr\/wp-content\/uploads\/pemflow-groupe-.jpg');\"\n   \n\t>\n\t\t<div class=\"container\">\n\t\t\t<div class=\"row\">\n\t\t\t\t<div class=\"col-12\">\n\t\t\t\t\t<ul>\n\t\t\t\t\t  \t\t\t\t\t\t<li>\n\t\t\t\t\t\t\t<div class=\"bloc-image\">\n\t\t\t\t\t\t\t\t<img decoding=\"async\" src=\"https:\/\/pemflow.fr\/wp-content\/uploads\/2020\/11\/sur-mesure.svg\" alt=\"\"\/>\n\t\t\t\t\t\t\t<\/div>\n\t\t\t\t\t\t\t<div class=\"bloc-texte\">\n\t\t\t\t\t\t\t\t<h3>Offerta<br>su misura<\/h3>\n\t\t\t\t\t\t\t<\/div>\n\t\t\t\t\t\t<\/li>\n\t\t\t\t\t\t\t\t\t\t\t\t<li>\n\t\t\t\t\t\t\t<div class=\"bloc-image\">\n\t\t\t\t\t\t\t\t<img decoding=\"async\" src=\"https:\/\/pemflow.fr\/wp-content\/uploads\/2020\/11\/qualite.svg\" alt=\"\"\/>\n\t\t\t\t\t\t\t<\/div>\n\t\t\t\t\t\t\t<div class=\"bloc-texte\">\n\t\t\t\t\t\t\t\t<h3>Qualit\u00e0<br>garanzia<\/h3>\n\t\t\t\t\t\t\t<\/div>\n\t\t\t\t\t\t<\/li>\n\t\t\t\t\t\t\t\t\t\t\t\t<li>\n\t\t\t\t\t\t\t<div class=\"bloc-image\">\n\t\t\t\t\t\t\t\t<img decoding=\"async\" src=\"https:\/\/pemflow.fr\/wp-content\/uploads\/2020\/11\/service-client.svg\" alt=\"\"\/>\n\t\t\t\t\t\t\t<\/div>\n\t\t\t\t\t\t\t<div class=\"bloc-texte\">\n\t\t\t\t\t\t\t\t<h3>Servizio e soddisfazione<br>cliente<\/h3>\n\t\t\t\t\t\t\t<\/div>\n\t\t\t\t\t\t<\/li>\n\t\t\t\t\t\t\t\t\t\t\t\t<li>\n\t\t\t\t\t\t\t<div class=\"bloc-image\">\n\t\t\t\t\t\t\t\t<img decoding=\"async\" src=\"https:\/\/pemflow.fr\/wp-content\/uploads\/2020\/11\/filtration-a-z.svg\" alt=\"\"\/>\n\t\t\t\t\t\t\t<\/div>\n\t\t\t\t\t\t\t<div class=\"bloc-texte\">\n\t\t\t\t\t\t\t\t<h3>Filtrazione<br>dalla A alla Z<\/h3>\n\t\t\t\t\t\t\t<\/div>\n\t\t\t\t\t\t<\/li>\n\t\t\t\t\t\t\t\t\t\t\t<\/ul>\n\t\t\t\t<\/div>\n\t\t\t<\/div>\n\t\t<\/div>\n\t<\/div>\n\t<div class=\"bloc-bouton\">\n\t\t<a href=\"\" class=\"bouton\">saperne di pi\u00f9<\/a>\n\t<\/div>\n<\/article>","protected":false},"excerpt":{"rendered":"","protected":false},"author":10,"featured_media":0,"parent":0,"menu_order":28,"comment_status":"closed","ping_status":"closed","template":"","meta":{"_acf_changed":false,"_seopress_robots_primary_cat":"","_seopress_titles_title":"","_seopress_titles_desc":"","_seopress_robots_index":"","footnotes":""},"class_list":["post-7386","page","type-page","status-publish","hentry"],"acf":[],"_links":{"self":[{"href":"https:\/\/pemflow.fr\/it\/wp-json\/wp\/v2\/pages\/7386","targetHints":{"allow":["GET"]}}],"collection":[{"href":"https:\/\/pemflow.fr\/it\/wp-json\/wp\/v2\/pages"}],"about":[{"href":"https:\/\/pemflow.fr\/it\/wp-json\/wp\/v2\/types\/page"}],"author":[{"embeddable":true,"href":"https:\/\/pemflow.fr\/it\/wp-json\/wp\/v2\/users\/10"}],"replies":[{"embeddable":true,"href":"https:\/\/pemflow.fr\/it\/wp-json\/wp\/v2\/comments?post=7386"}],"version-history":[{"count":0,"href":"https:\/\/pemflow.fr\/it\/wp-json\/wp\/v2\/pages\/7386\/revisions"}],"wp:attachment":[{"href":"https:\/\/pemflow.fr\/it\/wp-json\/wp\/v2\/media?parent=7386"}],"curies":[{"name":"wp","href":"https:\/\/api.w.org\/{rel}","templated":true}]}}