{"id":7378,"date":"2022-12-01T11:15:06","date_gmt":"2022-12-01T10:15:06","guid":{"rendered":"https:\/\/pemflow.fr\/?page_id=7378"},"modified":"2023-03-10T08:42:18","modified_gmt":"2023-03-10T07:42:18","slug":"i-nostri-servizi","status":"publish","type":"page","link":"https:\/\/pemflow.fr\/it\/i-nostri-servizi\/","title":{"rendered":"I nostri servizi"},"content":{"rendered":"<article class=\"article-texte-photo photo-droite\">\n\t<div class=\"container\">\n\t\t<div class=\"row\">\n\t\t\t<div class=\"col-12 col-lg-5 img-texte-photo\" style=\"background-image: url('https:\/\/pemflow.fr\/wp-content\/uploads\/Nos-Service-Audit.jpg');\">\n\t\t\t<\/div>\n\t\t\t<div class=\"col-12  col-lg-8\">\n\t\t\t\t<div class=\"bloc-texte\">\n\t\t\t\t\t<h2>Audit e consulenza tecnica<\/h2>\n<p>Grazie alla nostra competenza commerciale e ai nostri 90 anni di esperienza, siamo in grado di ascoltare le vostre aspettative e i vostri esperti per portare la nostra visione tecnica e sul campo dei vostri processi e fornirvi la migliore risposta ai vostri problemi.<\/p>\t\t\t\t<\/div>\n\t\t\t<\/div>\n\t\t<\/div>\n\t<\/div>\n<\/article>\n\n<article class=\"article-texte-photo photo-gauche\">\n\t<div class=\"container\">\n\t\t<div class=\"row\">\n\t\t\t<div class=\"col-12 col-lg-5 img-texte-photo\" style=\"background-image: url('https:\/\/pemflow.fr\/wp-content\/uploads\/Nos-Services-Location.jpg');\">\n\t\t\t<\/div>\n\t\t\t<div class=\"col-12 offset-lg-4  col-lg-8\">\n\t\t\t\t<div class=\"bloc-texte\">\n\t\t\t\t\t<h2>Offerta di noleggio<\/h2>\n<p>La decisione di acquistare un filtro industriale dipende da molti criteri e possono sorgere incertezze: esitazione sulla tecnologia di filtrazione da scegliere, incertezza sulla soglia di filtrazione (dimensioni o densit\u00e0 delle particelle sconosciute), posizione non definita nel processo, ecc.<\/p>\n<p>Per eliminare tutti questi dubbi e garantirvi una soluzione di filtrazione perfettamente funzionante, vi offriamo il noleggio di filtri industriali da testare sul vostro processo. Potrete cos\u00ec constatare direttamente l&#8217;efficienza della soluzione proposta.<\/p>\t\t\t\t<\/div>\n\t\t\t<\/div>\n\t\t<\/div>\n\t<\/div>\n<\/article>\n\n<article class=\"article-texte-photo photo-droite\">\n\t<div class=\"container\">\n\t\t<div class=\"row\">\n\t\t\t<div class=\"col-12 col-lg-5 img-texte-photo\" style=\"background-image: url('https:\/\/pemflow.fr\/wp-content\/uploads\/Nos-services-banc-essai.jpg');\">\n\t\t\t<\/div>\n\t\t\t<div class=\"col-12  col-lg-8\">\n\t\t\t\t<div class=\"bloc-texte\">\n\t\t\t\t\t<h2>Il nostro banco di prova\/analisi<\/h2>\n<p>Il nostro banco di prova integrato ci permette di studiare le vostre esigenze pi\u00f9 specifiche. Possiamo riprodurre le vostre condizioni operative e testare la nostra gamma di filtri in loco per offrirvi la soluzione di filtrazione pi\u00f9 adatta al vostro processo. Viene offerta anche una fase di analisi di laboratorio per caratterizzare i vostri fluidi.<\/p>\t\t\t\t<\/div>\n\t\t\t<\/div>\n\t\t<\/div>\n\t<\/div>\n<\/article>\n\n<article class=\"article-texte-photo photo-gauche\">\n\t<div class=\"container\">\n\t\t<div class=\"row\">\n\t\t\t<div class=\"col-12 col-lg-5 img-texte-photo\" style=\"background-image: url('https:\/\/pemflow.fr\/wp-content\/uploads\/Nos-Services-Mise-en-Route.jpg');\">\n\t\t\t<\/div>\n\t\t\t<div class=\"col-12 offset-lg-4  col-lg-8\">\n\t\t\t\t<div class=\"bloc-texte\">\n\t\t\t\t\t<h2>Avviamento, manutenzione in loco<\/h2>\n<p>Su vostra richiesta, i nostri servizi tecnici possono garantire un follow-up dell&#8217;apparecchiatura consegnata, accompagnandovi in particolare durante la fase di avviamento e la messa in funzione del filtro sulla vostra rete. Possiamo anche intervenire periodicamente nell&#8217;ambito di contratti di manutenzione.<\/p>\t\t\t\t<\/div>\n\t\t\t<\/div>\n\t\t<\/div>\n\t<\/div>\n<\/article>\n\n<article class=\"article-texte-photo photo-droite\">\n\t<div class=\"container\">\n\t\t<div class=\"row\">\n\t\t\t<div class=\"col-12 col-lg-5 img-texte-photo\" style=\"background-image: url('https:\/\/pemflow.fr\/wp-content\/uploads\/stockage1-1.jpg');\">\n\t\t\t<\/div>\n\t\t\t<div class=\"col-12  col-lg-8\">\n\t\t\t\t<div class=\"bloc-texte\">\n\t\t\t\t\t<h2>Stoccaggio dei materiali di consumo e delle parti di ricambio<\/h2>\n<p>Vendiamo ricambi per un&#8217;ampia gamma di referenze, indipendentemente dall&#8217;et\u00e0 del vostro filtro: kit di guarnizioni, bulloni, parti meccaniche, ecc. I nostri 2.000 m\u00b2 di spazio di stoccaggio assicurano disponibilit\u00e0 e reattivit\u00e0 nella fornitura dei nostri materiali di consumo per garantire la continuit\u00e0 delle vostre operazioni.<\/p>\t\t\t\t<\/div>\n\t\t\t<\/div>\n\t\t<\/div>\n\t<\/div>\n<\/article>\n\n<article class=\"article-call-to-action\">\n\t<div class=\"container\">\n\t\t<div class=\"row\">\n\t\t\t<div class=\"col-12 col-lg-5\">\n\t\t\t\t<div class=\"bloc-photo\" style=\"background-image: url('https:\/\/pemflow.fr\/wp-content\/uploads\/contact.jpg');\">\n\t\t\t\t<\/div>\n\t\t\t<\/div>\n\t\t\t<div class=\"col-12 col-lg-6 offset-lg-1\">\n\t\t\t\t<div class=\"bloc-texte-cta\">\n\t\t\t\t  \t\t\t\t\t<h2>oppure contattate il nostro team di account manager!<\/h2>\n\t\t\t\t\t<p>\n\t\t\t\t\t\tVolete discutere le vostre esigenze? Contattate il nostro team dal luned\u00ec al venerd\u00ec:\t\t\t\t\t<\/p>\n\t\t\t\t\t\t\t\t\t\t<h2>+39 346 18 65 742<\/h2>\n\t\t\t\t\t\t\t\t\t<\/div>\n\t\t\t<\/div>\n\t\t<\/div>\n\t<\/div>\n<\/article>","protected":false},"excerpt":{"rendered":"","protected":false},"author":10,"featured_media":0,"parent":0,"menu_order":22,"comment_status":"closed","ping_status":"closed","template":"","meta":{"_acf_changed":false,"_seopress_robots_primary_cat":"","_seopress_titles_title":"","_seopress_titles_desc":"","_seopress_robots_index":"","footnotes":""},"class_list":["post-7378","page","type-page","status-publish","hentry"],"acf":[],"_links":{"self":[{"href":"https:\/\/pemflow.fr\/it\/wp-json\/wp\/v2\/pages\/7378","targetHints":{"allow":["GET"]}}],"collection":[{"href":"https:\/\/pemflow.fr\/it\/wp-json\/wp\/v2\/pages"}],"about":[{"href":"https:\/\/pemflow.fr\/it\/wp-json\/wp\/v2\/types\/page"}],"author":[{"embeddable":true,"href":"https:\/\/pemflow.fr\/it\/wp-json\/wp\/v2\/users\/10"}],"replies":[{"embeddable":true,"href":"https:\/\/pemflow.fr\/it\/wp-json\/wp\/v2\/comments?post=7378"}],"version-history":[{"count":0,"href":"https:\/\/pemflow.fr\/it\/wp-json\/wp\/v2\/pages\/7378\/revisions"}],"wp:attachment":[{"href":"https:\/\/pemflow.fr\/it\/wp-json\/wp\/v2\/media?parent=7378"}],"curies":[{"name":"wp","href":"https:\/\/api.w.org\/{rel}","templated":true}]}}